{"id":480,"date":"2024-09-04T21:07:53","date_gmt":"2024-09-04T21:07:53","guid":{"rendered":"http:\/\/app3.informega.com.ec\/?page_id=480"},"modified":"2024-09-05T14:06:51","modified_gmt":"2024-09-05T14:06:51","slug":"interlab","status":"publish","type":"page","link":"https:\/\/informega.com.ec\/index.php\/interlab\/","title":{"rendered":"Interlab"},"content":{"rendered":"<p>[et_pb_section fb_built=\u00bb1&#8243; admin_label=\u00bbsection\u00bb _builder_version=\u00bb4.2.2&#8243; use_background_color_gradient=\u00bbon\u00bb background_color_gradient_start=\u00bb#121351&#8243; background_image=\u00bbhttp:\/\/app3.informega.com.ec\/wp-content\/uploads\/2024\/09\/laboratory-8895978_1280.png\u00bb background_blend=\u00bboverlay\u00bb hover_enabled=\u00bb0&#8243; background_color=\u00bbrgba(0,0,0,0)\u00bb null=\u00bb#3b4063&#8243; background_color_gradient_direction=\u00bb132deg\u00bb][et_pb_row _builder_version=\u00bb4.2.2&#8243;][et_pb_column type=\u00bb4_4&#8243; _builder_version=\u00bb4.2.2&#8243;][et_pb_text _builder_version=\u00bb4.2.2&#8243; text_text_color=\u00bb#ffffff\u00bb text_font_size=\u00bb76px\u00bb background_layout=\u00bbdark\u00bb]<\/p>\n<h2 class=\"card-title\">Garant\u00eda de calidad<\/h2>\n<p>[\/et_pb_text][\/et_pb_column][\/et_pb_row][et_pb_row column_structure=\u00bb1_2,1_2&#8243; admin_label=\u00bbrow\u00bb _builder_version=\u00bb4.2.2&#8243; background_size=\u00bbinitial\u00bb background_position=\u00bbtop_left\u00bb background_repeat=\u00bbrepeat\u00bb][et_pb_column type=\u00bb1_2&#8243; _builder_version=\u00bb3.25&#8243; custom_padding=\u00bb|||\u00bb custom_padding__hover=\u00bb|||\u00bb][et_pb_text _builder_version=\u00bb4.2.2&#8243; text_text_color=\u00bb#ffffff\u00bb background_layout=\u00bbdark\u00bb]<\/p>\n<p><span>Nuestros resultados est\u00e1n garantizados por la aplicaci\u00f3n de cont\u00ednuos procedimientos de aseguramiento de la calidad desde el momento del registro del paciente hasta la emisi\u00f3n del informe.<\/span><br \/> <span>Para ello contamos con sistema computarizado conectado a los equipos de forma bidireccional, c\u00f3digo de barras, tubo primario, equipos y reactivos de calidad internacional reconocida, disponibilidad de datos del hist\u00f3rico, calibraci\u00f3n y control constantes.<\/span><\/p>\n<p>[\/et_pb_text][\/et_pb_column][et_pb_column type=\u00bb1_2&#8243; _builder_version=\u00bb3.25&#8243; custom_padding=\u00bb|||\u00bb custom_padding__hover=\u00bb|||\u00bb][\/et_pb_column][\/et_pb_row][\/et_pb_section]<\/p>\n","protected":false},"excerpt":{"rendered":"<p>[et_pb_section fb_built=\u00bb1&#8243; admin_label=\u00bbsection\u00bb _builder_version=\u00bb4.2.2&#8243; use_background_color_gradient=\u00bbon\u00bb background_color_gradient_start=\u00bb#121351&#8243; background_image=\u00bbhttp:\/\/app3.informega.com.ec\/wp-content\/uploads\/2024\/09\/laboratory-8895978_1280.png\u00bb background_blend=\u00bboverlay\u00bb hover_enabled=\u00bb0&#8243; background_color=\u00bbrgba(0,0,0,0)\u00bb null=\u00bb#3b4063&#8243; background_color_gradient_direction=\u00bb132deg\u00bb][et_pb_row _builder_version=\u00bb4.2.2&#8243;][et_pb_column type=\u00bb4_4&#8243; _builder_version=\u00bb4.2.2&#8243;][et_pb_text _builder_version=\u00bb4.2.2&#8243; text_text_color=\u00bb#ffffff\u00bb text_font_size=\u00bb76px\u00bb background_layout=\u00bbdark\u00bb] Garant\u00eda de calidad [\/et_pb_text][\/et_pb_column][\/et_pb_row][et_pb_row column_structure=\u00bb1_2,1_2&#8243; admin_label=\u00bbrow\u00bb _builder_version=\u00bb4.2.2&#8243; background_size=\u00bbinitial\u00bb background_position=\u00bbtop_left\u00bb background_repeat=\u00bbrepeat\u00bb][et_pb_column type=\u00bb1_2&#8243; _builder_version=\u00bb3.25&#8243; custom_padding=\u00bb|||\u00bb custom_padding__hover=\u00bb|||\u00bb][et_pb_text _builder_version=\u00bb4.2.2&#8243; text_text_color=\u00bb#ffffff\u00bb background_layout=\u00bbdark\u00bb] Nuestros resultados est\u00e1n garantizados por la aplicaci\u00f3n de cont\u00ednuos procedimientos de aseguramiento de la calidad desde el momento del [&hellip;]<\/p>\n","protected":false},"author":1,"featured_media":0,"parent":0,"menu_order":0,"comment_status":"closed","ping_status":"closed","template":"","meta":{"_et_pb_use_builder":"on","_et_pb_old_content":"","_et_gb_content_width":"","footnotes":""},"_links":{"self":[{"href":"https:\/\/informega.com.ec\/index.php\/wp-json\/wp\/v2\/pages\/480"}],"collection":[{"href":"https:\/\/informega.com.ec\/index.php\/wp-json\/wp\/v2\/pages"}],"about":[{"href":"https:\/\/informega.com.ec\/index.php\/wp-json\/wp\/v2\/types\/page"}],"author":[{"embeddable":true,"href":"https:\/\/informega.com.ec\/index.php\/wp-json\/wp\/v2\/users\/1"}],"replies":[{"embeddable":true,"href":"https:\/\/informega.com.ec\/index.php\/wp-json\/wp\/v2\/comments?post=480"}],"version-history":[{"count":4,"href":"https:\/\/informega.com.ec\/index.php\/wp-json\/wp\/v2\/pages\/480\/revisions"}],"predecessor-version":[{"id":489,"href":"https:\/\/informega.com.ec\/index.php\/wp-json\/wp\/v2\/pages\/480\/revisions\/489"}],"wp:attachment":[{"href":"https:\/\/informega.com.ec\/index.php\/wp-json\/wp\/v2\/media?parent=480"}],"curies":[{"name":"wp","href":"https:\/\/api.w.org\/{rel}","templated":true}]}}